{"id":929,"date":"2021-11-21T15:14:19","date_gmt":"2021-11-21T14:14:19","guid":{"rendered":"http:\/\/lesmaisonsdolympe.com\/index.php\/about\/"},"modified":"2022-09-06T11:07:43","modified_gmt":"2022-09-06T09:07:43","slug":"a-propos-des-maisons","status":"publish","type":"page","link":"https:\/\/lesmaisonsdolympe.com\/index.php\/a-propos-des-maisons\/","title":{"rendered":"A propos"},"content":{"rendered":"\t\t<div data-elementor-type=\"wp-page\" data-elementor-id=\"929\" class=\"elementor elementor-929\" data-elementor-settings=\"[]\">\n\t\t\t\t\t\t\t<div class=\"elementor-section-wrap\">\n\t\t\t\t\t\t\t<section class=\"elementor-section elementor-top-section elementor-element elementor-element-c8ddeb6 elementor-section-height-min-height elementor-section-boxed elementor-section-height-default elementor-section-items-middle\" data-id=\"c8ddeb6\" data-element_type=\"section\" data-settings=\"{&quot;background_background&quot;:&quot;classic&quot;}\">\n\t\t\t\t\t\t\t<div class=\"elementor-background-overlay\"><\/div>\n\t\t\t\t\t\t\t<div class=\"elementor-container elementor-column-gap-default\">\n\t\t\t\t\t<div class=\"elementor-column elementor-col-100 elementor-top-column elementor-element elementor-element-6a5337e\" data-id=\"6a5337e\" data-element_type=\"column\">\n\t\t\t<div class=\"elementor-widget-wrap elementor-element-populated\">\n\t\t\t\t\t\t\t\t<div class=\"elementor-element elementor-element-feefb6c elementor-widget elementor-widget-heading\" data-id=\"feefb6c\" data-element_type=\"widget\" data-widget_type=\"heading.default\">\n\t\t\t\t<div class=\"elementor-widget-container\">\n\t\t\t<h1 class=\"elementor-heading-title elementor-size-default\">A propos<\/h1>\t\t<\/div>\n\t\t\t\t<\/div>\n\t\t\t\t\t<\/div>\n\t\t<\/div>\n\t\t\t\t\t\t\t<\/div>\n\t\t<\/section>\n\t\t\t\t<section class=\"elementor-section elementor-top-section elementor-element elementor-element-034f786 elementor-section-boxed elementor-section-height-default elementor-section-height-default\" data-id=\"034f786\" data-element_type=\"section\">\n\t\t\t\t\t\t<div class=\"elementor-container elementor-column-gap-default\">\n\t\t\t\t\t<div class=\"elementor-column elementor-col-100 elementor-top-column elementor-element elementor-element-ba0c118\" data-id=\"ba0c118\" data-element_type=\"column\">\n\t\t\t<div class=\"elementor-widget-wrap elementor-element-populated\">\n\t\t\t\t\t\t\t\t<div class=\"elementor-element elementor-element-3dc998b elementor-widget elementor-widget-heading\" data-id=\"3dc998b\" data-element_type=\"widget\" data-widget_type=\"heading.default\">\n\t\t\t\t<div class=\"elementor-widget-container\">\n\t\t\t<h4 class=\"elementor-heading-title elementor-size-default\">Bienvenue en P\u00e9rigord, venez d\u00e9couvrir notre r\u00e9gion pour profitez d'un hameau typique p\u00e9rigourdin. Nos 3 maisons vous accueillent avec charme et authenticit\u00e9...<\/h4>\t\t<\/div>\n\t\t\t\t<\/div>\n\t\t\t\t<div class=\"elementor-element elementor-element-9fdb291 elementor-widget elementor-widget-image\" data-id=\"9fdb291\" data-element_type=\"widget\" data-widget_type=\"image.default\">\n\t\t\t\t<div class=\"elementor-widget-container\">\n\t\t\t\t\t\t\t\t\t\t\t\t\t\t\t<img width=\"2560\" height=\"1664\" src=\"https:\/\/lesmaisonsdolympe.com\/wp-content\/uploads\/2022\/03\/IMG_0684-scaled.jpg\" class=\"attachment-full size-full\" alt=\"\" loading=\"lazy\" srcset=\"https:\/\/lesmaisonsdolympe.com\/wp-content\/uploads\/2022\/03\/IMG_0684-scaled.jpg 2560w, https:\/\/lesmaisonsdolympe.com\/wp-content\/uploads\/2022\/03\/IMG_0684-300x195.jpg 300w, https:\/\/lesmaisonsdolympe.com\/wp-content\/uploads\/2022\/03\/IMG_0684-1024x665.jpg 1024w, https:\/\/lesmaisonsdolympe.com\/wp-content\/uploads\/2022\/03\/IMG_0684-768x499.jpg 768w, https:\/\/lesmaisonsdolympe.com\/wp-content\/uploads\/2022\/03\/IMG_0684-1536x998.jpg 1536w, https:\/\/lesmaisonsdolympe.com\/wp-content\/uploads\/2022\/03\/IMG_0684-2048x1331.jpg 2048w\" sizes=\"(max-width: 2560px) 100vw, 2560px\" \/>\t\t\t\t\t\t\t\t\t\t\t\t\t\t\t<\/div>\n\t\t\t\t<\/div>\n\t\t\t\t<section class=\"elementor-section elementor-inner-section elementor-element elementor-element-d762106 elementor-section-boxed elementor-section-height-default elementor-section-height-default\" data-id=\"d762106\" data-element_type=\"section\">\n\t\t\t\t\t\t<div class=\"elementor-container elementor-column-gap-default\">\n\t\t\t\t\t<div class=\"elementor-column elementor-col-50 elementor-inner-column elementor-element elementor-element-08ec54c\" data-id=\"08ec54c\" data-element_type=\"column\">\n\t\t\t<div class=\"elementor-widget-wrap elementor-element-populated\">\n\t\t\t\t\t\t\t\t<div class=\"elementor-element elementor-element-d35be41 elementor-widget elementor-widget-heading\" data-id=\"d35be41\" data-element_type=\"widget\" data-widget_type=\"heading.default\">\n\t\t\t\t<div class=\"elementor-widget-container\">\n\t\t\t<h3 class=\"elementor-heading-title elementor-size-default\"><a href=\"https:\/\/lesmaisonsdolympe.com\/index.php\/contact\/\">S\u00e9jour \u00e0 la semaine<\/a><\/h3>\t\t<\/div>\n\t\t\t\t<\/div>\n\t\t\t\t<div class=\"elementor-element elementor-element-8fa3d11 elementor-widget elementor-widget-text-editor\" data-id=\"8fa3d11\" data-element_type=\"widget\" data-widget_type=\"text-editor.default\">\n\t\t\t\t<div class=\"elementor-widget-container\">\n\t\t\t\t\t\t\t<p>Vous proposer des s\u00e9jours de qualit\u00e9 au coeur du P\u00e9rigord. En famille, entre amis ou en amoureux, venez vous relaxer dans notre \u00e9crin de verdure&#8230;<\/p>\t\t\t\t\t\t<\/div>\n\t\t\t\t<\/div>\n\t\t\t\t\t<\/div>\n\t\t<\/div>\n\t\t\t\t<div class=\"elementor-column elementor-col-50 elementor-inner-column elementor-element elementor-element-d30d7a1\" data-id=\"d30d7a1\" data-element_type=\"column\">\n\t\t\t<div class=\"elementor-widget-wrap elementor-element-populated\">\n\t\t\t\t\t\t\t\t<div class=\"elementor-element elementor-element-6260bc9 elementor-widget elementor-widget-heading\" data-id=\"6260bc9\" data-element_type=\"widget\" data-widget_type=\"heading.default\">\n\t\t\t\t<div class=\"elementor-widget-container\">\n\t\t\t<h3 class=\"elementor-heading-title elementor-size-default\"><a href=\"https:\/\/lesmaisonsdolympe.com\/index.php\/accueil-groupe\/\">S\u00e9jour de groupe<\/a><\/h3>\t\t<\/div>\n\t\t\t\t<\/div>\n\t\t\t\t<div class=\"elementor-element elementor-element-3a99000 elementor-widget elementor-widget-text-editor\" data-id=\"3a99000\" data-element_type=\"widget\" data-widget_type=\"text-editor.default\">\n\t\t\t\t<div class=\"elementor-widget-container\">\n\t\t\t\t\t\t\t<p>Venez passer des s\u00e9jours inoubliables et de qualit\u00e9 dans une des plus belles r\u00e9gions Fran\u00e7aises. <br \/>Sur demande ici<\/p>\t\t\t\t\t\t<\/div>\n\t\t\t\t<\/div>\n\t\t\t\t\t<\/div>\n\t\t<\/div>\n\t\t\t\t\t\t\t<\/div>\n\t\t<\/section>\n\t\t\t\t\t<\/div>\n\t\t<\/div>\n\t\t\t\t\t\t\t<\/div>\n\t\t<\/section>\n\t\t\t\t<section class=\"elementor-section elementor-top-section elementor-element elementor-element-e889fc3 elementor-section-boxed elementor-section-height-default elementor-section-height-default\" data-id=\"e889fc3\" data-element_type=\"section\" data-settings=\"{&quot;background_background&quot;:&quot;classic&quot;}\">\n\t\t\t\t\t\t<div class=\"elementor-container elementor-column-gap-default\">\n\t\t\t\t\t<div class=\"elementor-column elementor-col-33 elementor-top-column elementor-element elementor-element-3c8f4a8\" data-id=\"3c8f4a8\" data-element_type=\"column\">\n\t\t\t<div class=\"elementor-widget-wrap\">\n\t\t\t\t\t\t\t\t\t<\/div>\n\t\t<\/div>\n\t\t\t\t<div class=\"elementor-column elementor-col-33 elementor-top-column elementor-element elementor-element-ebb2ba7\" data-id=\"ebb2ba7\" data-element_type=\"column\">\n\t\t\t<div class=\"elementor-widget-wrap elementor-element-populated\">\n\t\t\t\t\t\t\t\t<div class=\"elementor-element elementor-element-14b6458 elementor-widget elementor-widget-image\" data-id=\"14b6458\" data-element_type=\"widget\" data-widget_type=\"image.default\">\n\t\t\t\t<div class=\"elementor-widget-container\">\n\t\t\t\t\t\t\t\t\t\t\t\t\t\t\t<img width=\"46\" height=\"38\" src=\"https:\/\/lesmaisonsdolympe.com\/wp-content\/uploads\/2021\/11\/quotes-1.svg\" class=\"attachment-full size-full\" alt=\"\" loading=\"lazy\" \/>\t\t\t\t\t\t\t\t\t\t\t\t\t\t\t<\/div>\n\t\t\t\t<\/div>\n\t\t\t\t<div class=\"elementor-element elementor-element-beb0353 elementor-widget elementor-widget-heading\" data-id=\"beb0353\" data-element_type=\"widget\" data-widget_type=\"heading.default\">\n\t\t\t\t<div class=\"elementor-widget-container\">\n\t\t\t<h4 class=\"elementor-heading-title elementor-size-default\">\u201cVenez d\u00e9couvrir la Dordogne, en famille, entre amis...\u201d<\/h4>\t\t<\/div>\n\t\t\t\t<\/div>\n\t\t\t\t<div class=\"elementor-element elementor-element-4e74ae5 elementor-widget elementor-widget-image\" data-id=\"4e74ae5\" data-element_type=\"widget\" data-widget_type=\"image.default\">\n\t\t\t\t<div class=\"elementor-widget-container\">\n\t\t\t\t\t\t\t\t\t\t\t\t\t\t\t<img width=\"1197\" height=\"1280\" src=\"https:\/\/lesmaisonsdolympe.com\/wp-content\/uploads\/2021\/11\/olympics-award-caesar-159619-1.png\" class=\"attachment-full size-full\" alt=\"olympics, award, caesar-159619.jpg\" loading=\"lazy\" srcset=\"https:\/\/lesmaisonsdolympe.com\/wp-content\/uploads\/2021\/11\/olympics-award-caesar-159619-1.png 1197w, https:\/\/lesmaisonsdolympe.com\/wp-content\/uploads\/2021\/11\/olympics-award-caesar-159619-1-281x300.png 281w, https:\/\/lesmaisonsdolympe.com\/wp-content\/uploads\/2021\/11\/olympics-award-caesar-159619-1-958x1024.png 958w, https:\/\/lesmaisonsdolympe.com\/wp-content\/uploads\/2021\/11\/olympics-award-caesar-159619-1-768x821.png 768w\" sizes=\"(max-width: 1197px) 100vw, 1197px\" \/>\t\t\t\t\t\t\t\t\t\t\t\t\t\t\t<\/div>\n\t\t\t\t<\/div>\n\t\t\t\t<div class=\"elementor-element elementor-element-ec91cfa elementor-widget elementor-widget-text-editor\" data-id=\"ec91cfa\" data-element_type=\"widget\" data-widget_type=\"text-editor.default\">\n\t\t\t\t<div class=\"elementor-widget-container\">\n\t\t\t\t\t\t\t\t\t\t\t\t\t<\/div>\n\t\t\t\t<\/div>\n\t\t\t\t\t<\/div>\n\t\t<\/div>\n\t\t\t\t<div class=\"elementor-column elementor-col-33 elementor-top-column elementor-element elementor-element-9e16007\" data-id=\"9e16007\" data-element_type=\"column\">\n\t\t\t<div class=\"elementor-widget-wrap\">\n\t\t\t\t\t\t\t\t\t<\/div>\n\t\t<\/div>\n\t\t\t\t\t\t\t<\/div>\n\t\t<\/section>\n\t\t\t\t\t\t<\/div>\n\t\t\t\t\t<\/div>\n\t\t","protected":false},"excerpt":{"rendered":"<p>A propos Bienvenue en P\u00e9rigord, venez d\u00e9couvrir notre r\u00e9gion pour profitez d&rsquo;un hameau typique p\u00e9rigourdin. Nos 3 maisons vous accueillent avec charme et authenticit\u00e9&#8230; S\u00e9jour \u00e0 la semaine Vous proposer des s\u00e9jours de qualit\u00e9 au coeur du P\u00e9rigord. En famille, entre amis ou en amoureux, venez vous relaxer dans notre \u00e9crin de verdure&#8230; S\u00e9jour de &hellip;<\/p>\n<p class=\"read-more\"> <a class=\"\" href=\"https:\/\/lesmaisonsdolympe.com\/index.php\/a-propos-des-maisons\/\"> <span class=\"screen-reader-text\">A propos<\/span> Lire la suite\u00a0\u00bb<\/a><\/p>\n","protected":false},"author":1,"featured_media":0,"parent":0,"menu_order":0,"comment_status":"closed","ping_status":"closed","template":"","meta":{"site-sidebar-layout":"no-sidebar","site-content-layout":"page-builder","ast-global-header-display":"","ast-main-header-display":"","ast-hfb-above-header-display":"","ast-hfb-below-header-display":"","ast-hfb-mobile-header-display":"","site-post-title":"disabled","ast-breadcrumbs-content":"","ast-featured-img":"disabled","footer-sml-layout":"","theme-transparent-header-meta":"enabled","adv-header-id-meta":"","stick-header-meta":"","header-above-stick-meta":"","header-main-stick-meta":"","header-below-stick-meta":""},"yoast_head":"<!-- This site is optimized with the Yoast SEO plugin v19.6.1 - https:\/\/yoast.com\/wordpress\/plugins\/seo\/ -->\n<title>A propos - Les Maisons d&#039;Olympe<\/title>\n<meta name=\"robots\" content=\"index, follow, max-snippet:-1, max-image-preview:large, max-video-preview:-1\" \/>\n<link rel=\"canonical\" href=\"https:\/\/lesmaisonsdolympe.com\/index.php\/a-propos-des-maisons\/\" \/>\n<meta property=\"og:locale\" content=\"fr_FR\" \/>\n<meta property=\"og:type\" content=\"article\" \/>\n<meta property=\"og:title\" content=\"A propos - Les Maisons d&#039;Olympe\" \/>\n<meta property=\"og:description\" content=\"A propos Bienvenue en P\u00e9rigord, venez d\u00e9couvrir notre r\u00e9gion pour profitez d&rsquo;un hameau typique p\u00e9rigourdin. Nos 3 maisons vous accueillent avec charme et authenticit\u00e9&#8230; S\u00e9jour \u00e0 la semaine Vous proposer des s\u00e9jours de qualit\u00e9 au coeur du P\u00e9rigord. En famille, entre amis ou en amoureux, venez vous relaxer dans notre \u00e9crin de verdure&#8230; S\u00e9jour de &hellip; A propos Lire la suite\u00a0\u00bb\" \/>\n<meta property=\"og:url\" content=\"https:\/\/lesmaisonsdolympe.com\/index.php\/a-propos-des-maisons\/\" \/>\n<meta property=\"og:site_name\" content=\"Les Maisons d&#039;Olympe\" \/>\n<meta property=\"article:modified_time\" content=\"2022-09-06T09:07:43+00:00\" \/>\n<meta property=\"og:image\" content=\"http:\/\/lesmaisonsdolympe.com\/wp-content\/uploads\/2022\/03\/IMG_0684-scaled.jpg\" \/>\n<meta name=\"twitter:card\" content=\"summary_large_image\" \/>\n<meta name=\"twitter:label1\" content=\"Dur\u00e9e de lecture estim\u00e9e\" \/>\n\t<meta name=\"twitter:data1\" content=\"2 minutes\" \/>\n<script type=\"application\/ld+json\" class=\"yoast-schema-graph\">{\"@context\":\"https:\/\/schema.org\",\"@graph\":[{\"@type\":\"WebPage\",\"@id\":\"https:\/\/lesmaisonsdolympe.com\/index.php\/a-propos-des-maisons\/\",\"url\":\"https:\/\/lesmaisonsdolympe.com\/index.php\/a-propos-des-maisons\/\",\"name\":\"A propos - Les Maisons d&#039;Olympe\",\"isPartOf\":{\"@id\":\"https:\/\/lesmaisonsdolympe.com\/#website\"},\"datePublished\":\"2021-11-21T14:14:19+00:00\",\"dateModified\":\"2022-09-06T09:07:43+00:00\",\"breadcrumb\":{\"@id\":\"https:\/\/lesmaisonsdolympe.com\/index.php\/a-propos-des-maisons\/#breadcrumb\"},\"inLanguage\":\"fr-FR\",\"potentialAction\":[{\"@type\":\"ReadAction\",\"target\":[\"https:\/\/lesmaisonsdolympe.com\/index.php\/a-propos-des-maisons\/\"]}]},{\"@type\":\"BreadcrumbList\",\"@id\":\"https:\/\/lesmaisonsdolympe.com\/index.php\/a-propos-des-maisons\/#breadcrumb\",\"itemListElement\":[{\"@type\":\"ListItem\",\"position\":1,\"name\":\"Home\",\"item\":\"https:\/\/lesmaisonsdolympe.com\/\"},{\"@type\":\"ListItem\",\"position\":2,\"name\":\"A propos\"}]},{\"@type\":\"WebSite\",\"@id\":\"https:\/\/lesmaisonsdolympe.com\/#website\",\"url\":\"https:\/\/lesmaisonsdolympe.com\/\",\"name\":\"Les Maisons d&#039;Olympe\",\"description\":\"Les Maisons d&#039;Olympe - G\u00eetes en Dordogne-P\u00e9rigord\",\"publisher\":{\"@id\":\"https:\/\/lesmaisonsdolympe.com\/#organization\"},\"potentialAction\":[{\"@type\":\"SearchAction\",\"target\":{\"@type\":\"EntryPoint\",\"urlTemplate\":\"https:\/\/lesmaisonsdolympe.com\/?s={search_term_string}\"},\"query-input\":\"required name=search_term_string\"}],\"inLanguage\":\"fr-FR\"},{\"@type\":\"Organization\",\"@id\":\"https:\/\/lesmaisonsdolympe.com\/#organization\",\"name\":\"Les Maisons d&#039;Olympe\",\"url\":\"https:\/\/lesmaisonsdolympe.com\/\",\"sameAs\":[],\"logo\":{\"@type\":\"ImageObject\",\"inLanguage\":\"fr-FR\",\"@id\":\"https:\/\/lesmaisonsdolympe.com\/#\/schema\/logo\/image\/\",\"url\":\"https:\/\/lesmaisonsdolympe.com\/wp-content\/uploads\/2023\/04\/logo-LMO.png\",\"contentUrl\":\"https:\/\/lesmaisonsdolympe.com\/wp-content\/uploads\/2023\/04\/logo-LMO.png\",\"width\":921,\"height\":1558,\"caption\":\"Les Maisons d&#039;Olympe\"},\"image\":{\"@id\":\"https:\/\/lesmaisonsdolympe.com\/#\/schema\/logo\/image\/\"}}]}<\/script>\n<!-- \/ Yoast SEO plugin. -->","yoast_head_json":{"title":"A propos - Les Maisons d&#039;Olympe","robots":{"index":"index","follow":"follow","max-snippet":"max-snippet:-1","max-image-preview":"max-image-preview:large","max-video-preview":"max-video-preview:-1"},"canonical":"https:\/\/lesmaisonsdolympe.com\/index.php\/a-propos-des-maisons\/","og_locale":"fr_FR","og_type":"article","og_title":"A propos - Les Maisons d&#039;Olympe","og_description":"A propos Bienvenue en P\u00e9rigord, venez d\u00e9couvrir notre r\u00e9gion pour profitez d&rsquo;un hameau typique p\u00e9rigourdin. Nos 3 maisons vous accueillent avec charme et authenticit\u00e9&#8230; S\u00e9jour \u00e0 la semaine Vous proposer des s\u00e9jours de qualit\u00e9 au coeur du P\u00e9rigord. En famille, entre amis ou en amoureux, venez vous relaxer dans notre \u00e9crin de verdure&#8230; S\u00e9jour de &hellip; A propos Lire la suite\u00a0\u00bb","og_url":"https:\/\/lesmaisonsdolympe.com\/index.php\/a-propos-des-maisons\/","og_site_name":"Les Maisons d&#039;Olympe","article_modified_time":"2022-09-06T09:07:43+00:00","og_image":[{"url":"http:\/\/lesmaisonsdolympe.com\/wp-content\/uploads\/2022\/03\/IMG_0684-scaled.jpg"}],"twitter_card":"summary_large_image","twitter_misc":{"Dur\u00e9e de lecture estim\u00e9e":"2 minutes"},"schema":{"@context":"https:\/\/schema.org","@graph":[{"@type":"WebPage","@id":"https:\/\/lesmaisonsdolympe.com\/index.php\/a-propos-des-maisons\/","url":"https:\/\/lesmaisonsdolympe.com\/index.php\/a-propos-des-maisons\/","name":"A propos - Les Maisons d&#039;Olympe","isPartOf":{"@id":"https:\/\/lesmaisonsdolympe.com\/#website"},"datePublished":"2021-11-21T14:14:19+00:00","dateModified":"2022-09-06T09:07:43+00:00","breadcrumb":{"@id":"https:\/\/lesmaisonsdolympe.com\/index.php\/a-propos-des-maisons\/#breadcrumb"},"inLanguage":"fr-FR","potentialAction":[{"@type":"ReadAction","target":["https:\/\/lesmaisonsdolympe.com\/index.php\/a-propos-des-maisons\/"]}]},{"@type":"BreadcrumbList","@id":"https:\/\/lesmaisonsdolympe.com\/index.php\/a-propos-des-maisons\/#breadcrumb","itemListElement":[{"@type":"ListItem","position":1,"name":"Home","item":"https:\/\/lesmaisonsdolympe.com\/"},{"@type":"ListItem","position":2,"name":"A propos"}]},{"@type":"WebSite","@id":"https:\/\/lesmaisonsdolympe.com\/#website","url":"https:\/\/lesmaisonsdolympe.com\/","name":"Les Maisons d&#039;Olympe","description":"Les Maisons d&#039;Olympe - G\u00eetes en Dordogne-P\u00e9rigord","publisher":{"@id":"https:\/\/lesmaisonsdolympe.com\/#organization"},"potentialAction":[{"@type":"SearchAction","target":{"@type":"EntryPoint","urlTemplate":"https:\/\/lesmaisonsdolympe.com\/?s={search_term_string}"},"query-input":"required name=search_term_string"}],"inLanguage":"fr-FR"},{"@type":"Organization","@id":"https:\/\/lesmaisonsdolympe.com\/#organization","name":"Les Maisons d&#039;Olympe","url":"https:\/\/lesmaisonsdolympe.com\/","sameAs":[],"logo":{"@type":"ImageObject","inLanguage":"fr-FR","@id":"https:\/\/lesmaisonsdolympe.com\/#\/schema\/logo\/image\/","url":"https:\/\/lesmaisonsdolympe.com\/wp-content\/uploads\/2023\/04\/logo-LMO.png","contentUrl":"https:\/\/lesmaisonsdolympe.com\/wp-content\/uploads\/2023\/04\/logo-LMO.png","width":921,"height":1558,"caption":"Les Maisons d&#039;Olympe"},"image":{"@id":"https:\/\/lesmaisonsdolympe.com\/#\/schema\/logo\/image\/"}}]}},"_links":{"self":[{"href":"https:\/\/lesmaisonsdolympe.com\/index.php\/wp-json\/wp\/v2\/pages\/929"}],"collection":[{"href":"https:\/\/lesmaisonsdolympe.com\/index.php\/wp-json\/wp\/v2\/pages"}],"about":[{"href":"https:\/\/lesmaisonsdolympe.com\/index.php\/wp-json\/wp\/v2\/types\/page"}],"author":[{"embeddable":true,"href":"https:\/\/lesmaisonsdolympe.com\/index.php\/wp-json\/wp\/v2\/users\/1"}],"replies":[{"embeddable":true,"href":"https:\/\/lesmaisonsdolympe.com\/index.php\/wp-json\/wp\/v2\/comments?post=929"}],"version-history":[{"count":17,"href":"https:\/\/lesmaisonsdolympe.com\/index.php\/wp-json\/wp\/v2\/pages\/929\/revisions"}],"predecessor-version":[{"id":1728,"href":"https:\/\/lesmaisonsdolympe.com\/index.php\/wp-json\/wp\/v2\/pages\/929\/revisions\/1728"}],"wp:attachment":[{"href":"https:\/\/lesmaisonsdolympe.com\/index.php\/wp-json\/wp\/v2\/media?parent=929"}],"curies":[{"name":"wp","href":"https:\/\/api.w.org\/{rel}","templated":true}]}}